{"id":2302,"date":"2022-05-28T20:09:09","date_gmt":"2022-05-28T20:09:09","guid":{"rendered":"http:\/\/localhost\/Charo\/?page_id=2302"},"modified":"2022-05-29T01:24:53","modified_gmt":"2022-05-29T01:24:53","slug":"salvador","status":"publish","type":"page","link":"https:\/\/charo.gob.mx\/index.php\/salvador\/","title":{"rendered":"Salvador"},"content":{"rendered":"<p><div class=\"fusion-fullwidth fullwidth-box fusion-builder-row-1 fusion-flex-container nonhundred-percent-fullwidth non-hundred-percent-height-scrolling\" style=\"--awb-border-radius-top-left:0px;--awb-border-radius-top-right:0px;--awb-border-radius-bottom-right:0px;--awb-border-radius-bottom-left:0px;--awb-flex-wrap:wrap;\" ><div class=\"fusion-builder-row fusion-row fusion-flex-align-items-flex-start fusion-flex-content-wrap\" style=\"max-width:1248px;margin-left: calc(-4% \/ 2 );margin-right: calc(-4% \/ 2 );\"><div class=\"fusion-layout-column fusion_builder_column fusion-builder-column-0 fusion_builder_column_1_1 1_1 fusion-flex-column\" style=\"--awb-bg-size:cover;--awb-width-large:100%;--awb-margin-top-large:0px;--awb-spacing-right-large:1.92%;--awb-margin-bottom-large:20px;--awb-spacing-left-large:1.92%;--awb-width-medium:100%;--awb-order-medium:0;--awb-spacing-right-medium:1.92%;--awb-spacing-left-medium:1.92%;--awb-width-small:100%;--awb-order-small:0;--awb-spacing-right-small:1.92%;--awb-spacing-left-small:1.92%;\"><div class=\"fusion-column-wrapper fusion-column-has-shadow fusion-flex-justify-content-flex-start fusion-content-layout-column\"><div class=\"fusion-title title fusion-title-1 fusion-sep-none fusion-title-text fusion-title-size-div\" style=\"--awb-text-color:#212121;--awb-margin-top-small:10px;--awb-margin-right-small:0px;--awb-margin-bottom-small:10px;--awb-margin-left-small:0px;\"><div class=\"fusion-title-heading title-heading-left title-heading-tag\" style=\"margin:0;\"><\/div><\/div><\/div><\/div><\/div><\/div><div class=\"fusion-fullwidth fullwidth-box fusion-builder-row-2 fusion-flex-container nonhundred-percent-fullwidth non-hundred-percent-height-scrolling\" style=\"--awb-border-radius-top-left:0px;--awb-border-radius-top-right:0px;--awb-border-radius-bottom-right:0px;--awb-border-radius-bottom-left:0px;--awb-margin-top:150px;--awb-flex-wrap:wrap;\" ><div class=\"fusion-builder-row fusion-row fusion-flex-align-items-center fusion-flex-justify-content-center fusion-flex-content-wrap\" style=\"max-width:1248px;margin-left: calc(-4% \/ 2 );margin-right: calc(-4% \/ 2 );\"><div class=\"fusion-layout-column fusion_builder_column fusion-builder-column-1 fusion_builder_column_1_1 1_1 fusion-flex-column\" style=\"--awb-bg-image:url(&#039;http:\/\/localhost\/Charo\/wp-content\/uploads\/2022\/05\/fondo3.png&#039;);--awb-bg-repeat:repeat;--awb-width-large:100%;--awb-margin-top-large:0px;--awb-spacing-right-large:1.92%;--awb-margin-bottom-large:20px;--awb-spacing-left-large:1.92%;--awb-width-medium:100%;--awb-order-medium:0;--awb-spacing-right-medium:1.92%;--awb-spacing-left-medium:1.92%;--awb-width-small:100%;--awb-order-small:0;--awb-spacing-right-small:1.92%;--awb-spacing-left-small:1.92%;\"><div class=\"fusion-column-wrapper fusion-column-has-shadow fusion-flex-justify-content-flex-start fusion-content-layout-column fusion-column-has-bg-image\" data-bg-url=\"http:\/\/localhost\/Charo\/wp-content\/uploads\/2022\/05\/fondo3.png\"><div class=\"fusion-text fusion-text-1 fusion-animated\" style=\"--awb-font-size:30px;--awb-text-transform:capitalize;--awb-text-color:rgba(117,114,23,0.98);--awb-text-font-family:&quot;Chewy&quot;;--awb-text-font-style:normal;--awb-text-font-weight:400;\" data-animationType=\"zoomInLeft\" data-animationDuration=\"1.1\" data-animationOffset=\"top-into-view\"><p style=\"text-align: center;\"><span style=\"background-color: var(--awb-color1); font-style: var(--body_typography-font-style,normal); letter-spacing: var(--body_typography-letter-spacing);\"><span style=\"font-family: Cinzel; font-weight: bold;\" data-fusion-font=\"true\" data-fusion-google-font=\"Cinzel\" data-fusion-google-variant=\"700\">Salvador Cort\u00e9s Esp\u00edndola<\/span><br \/>\n<span style=\"font-family: Cinzel; font-weight: bold;\" data-fusion-font=\"true\" data-fusion-google-font=\"Cinzel\" data-fusion-google-variant=\"700\">Presidente Municipal<\/span><\/span><\/p>\n<\/div><div class=\"fusion-image-carousel fusion-image-carousel-auto fusion-image-carousel-1 fusion-carousel-border\"><div class=\"awb-carousel awb-swiper awb-swiper-carousel awb-carousel--carousel awb-swiper-dots-position-bottom\" data-layout=\"carousel\" data-autoplay=\"yes\" data-autoplayspeed=\"2500\" data-autoplaypause=\"no\" data-columns=\"4\" data-columnsmedium=\"1\" data-columnssmall=\"1\" data-itemmargin=\"13\" data-itemwidth=\"180\" data-touchscroll=\"no\" data-freemode=\"no\" data-imagesize=\"auto\" data-scrollitems=\"0\" data-centeredslides=\"no\" data-rotationangle=\"50\" data-depth=\"100\" data-speed=\"500\" data-shadow=\"no\" data-pagination=\"bullets\" style=\"--awb-columns:4;--awb-border-width:1px;--awb-border-color:#e9eaee;\"><div class=\"swiper-wrapper awb-image-carousel-wrapper fusion-flex-align-items-center\"><div class=\"swiper-slide\"><div class=\"fusion-carousel-item-wrapper\"><div class=\"fusion-image-wrapper hover-type-zoomin\"><img decoding=\"async\" width=\"960\" height=\"640\" src=\"https:\/\/charo.gob.mx\/wp-content\/uploads\/2022\/05\/WhatsApp-Image-2022-05-26-at-10.01.42-PM.jpeg\" class=\"attachment-full size-full\" alt=\"\" \/><\/div><\/div><\/div><div class=\"swiper-slide\"><div class=\"fusion-carousel-item-wrapper\"><div class=\"fusion-image-wrapper hover-type-zoomin\"><img decoding=\"async\" width=\"1280\" height=\"850\" src=\"https:\/\/charo.gob.mx\/wp-content\/uploads\/2022\/05\/WhatsApp-Image-2022-05-26-at-10.01.42-PM-2.jpeg\" class=\"attachment-full size-full\" alt=\"\" \/><\/div><\/div><\/div><div class=\"swiper-slide\"><div class=\"fusion-carousel-item-wrapper\"><div class=\"fusion-image-wrapper hover-type-zoomin\"><img decoding=\"async\" width=\"960\" height=\"640\" src=\"https:\/\/charo.gob.mx\/wp-content\/uploads\/2022\/05\/WhatsApp-Image-2022-05-26-at-10.01.42-PM-3.jpeg\" class=\"attachment-full size-full\" alt=\"\" \/><\/div><\/div><\/div><div class=\"swiper-slide\"><div class=\"fusion-carousel-item-wrapper\"><div class=\"fusion-image-wrapper hover-type-zoomin\"><img decoding=\"async\" width=\"1280\" height=\"854\" src=\"https:\/\/charo.gob.mx\/wp-content\/uploads\/2022\/05\/chava3.jpg\" class=\"attachment-full size-full\" alt=\"\" \/><\/div><\/div><\/div><\/div><div class=\"awb-swiper-button awb-swiper-button-prev\"><i class=\"awb-icon-angle-left\" aria-hidden=\"true\"><\/i><\/div><div class=\"awb-swiper-button awb-swiper-button-next\"><i class=\"awb-icon-angle-right\" aria-hidden=\"true\"><\/i><\/div><\/div><\/div><div class=\"fusion-text fusion-text-2 fusion-animated\" style=\"--awb-text-transform:none;--awb-text-color:#000000;\" data-animationType=\"fadeInLeft\" data-animationDuration=\"0.3\" data-animationOffset=\"top-into-view\"><p>Salvador Cort\u00e9s Esp\u00edndola es un joven pol\u00edtico originario del municipio de Charo, naci\u00f3 el 4 de septiembre de 1986 en esta localidad. Desde el 1 de septiembre del 2021 a la fecha se desempe\u00f1a como alcalde municipal en el municipio de Charo Michoac\u00e1n de Ocampo.<\/p>\n<p>Se gradu\u00f3 en el Tecnol\u00f3gico de Morelia con desempe\u00f1o sobresaliente como Licenciado en Inform\u00e1tica, posteriormente ejerci\u00f3 su carrera trabajando en La Secretar\u00eda de Finanzas del Estado de Michoac\u00e1n como Programador y Administrador del Sistema de Tr\u00e1mite Vehicular, d\u00f3nde desarroll\u00f3 la base de datos de los contribuyentes.<\/p>\n<p>En el 2012 fund\u00f3 el movimiento social de j\u00f3venes denominado J\u00f3venes por el Municipio de Charo (JMC), el cual realizaba diversas acciones para beneficio de la poblaci\u00f3n como:<\/p>\n<ul>\n<li>Cenas navide\u00f1as para los m\u00e1s necesitados (Pollot\u00f3n)<\/li>\n<li>Brigadas de limpieza<\/li>\n<li>Brigadas de reforestaci\u00f3n<\/li>\n<li>Becas para estudiantes<\/li>\n<li>Ropa y cobijas para las comunidades m\u00e1s alejadas<\/li>\n<li>Juguetes para ni\u00f1os<\/li>\n<li>Medicamento a las comunidades alejadas<\/li>\n<li>Campa\u00f1as de esterilizaci\u00f3n para perros y gatos<\/li>\n<li>Actividades deportivas<\/li>\n<li>Viajes recreativos<\/li>\n<\/ul>\n<p>Labor\u00f3 en el H. Ayuntamiento de Charo en el periodo 2012-2015 ocupando el cargo de director de la Juventud, donde fue reconocido p\u00fablicamente por el presidente municipal en su tercer informe de Gobierno, por su buen desempe\u00f1o y por generar pol\u00edticas p\u00fablicas para evitar la problem\u00e1tica de drogadicci\u00f3n y alcoholismo en los j\u00f3venes. Tambi\u00e9n fue impulsor para instalar por primera vez en el municipio de Charo el servicio de Tr\u00e1mite Vehicular en ese mismo periodo.<\/p>\n<p>En el 2015 ocup\u00f3 el cargo de Enlace Regional en el Sistema para el Desarrollo Integral de la Familia, DIF Michoac\u00e1n, atendiendo a 17 municipios a su cargo, apoy\u00e1ndolos en la gesti\u00f3n y coordinaci\u00f3n de los programas sociales de la dependencia.<\/p>\n<p>En el 2019 creo la Asociaci\u00f3n Civil Yn Bani Amiko (Casa de Amigos) con el objetivo de ayudar a la econom\u00eda de las familias charenses a trav\u00e9s de la venta de apoyos a la vivienda a bajo costo como: calentadores solares, cemento, tinacos, laminas galvanizadas, pollos de engorda, sanitizaci\u00f3n de viviendas manera gratuita, para mitigar la propagaci\u00f3n del COVID-19, de entre otras actividades.<\/p>\n<p>En el 2021 fue candidato a la presidencia municipal de su municipio natal de forma independiente, logrando una victoria contundente y siendo electo para el periodo 2021-2024, convirti\u00e9ndose en uno de los tres presidentes municipales electos en Michoac\u00e1n por la v\u00eda de las candidaturas independientes.<\/p>\n<\/div><\/div><\/div><\/div><\/div><\/p>\n","protected":false},"excerpt":{"rendered":"","protected":false},"author":1,"featured_media":0,"parent":0,"menu_order":0,"comment_status":"closed","ping_status":"closed","template":"","meta":{"footnotes":""},"class_list":["post-2302","page","type-page","status-publish","hentry"],"_links":{"self":[{"href":"https:\/\/charo.gob.mx\/index.php\/wp-json\/wp\/v2\/pages\/2302","targetHints":{"allow":["GET"]}}],"collection":[{"href":"https:\/\/charo.gob.mx\/index.php\/wp-json\/wp\/v2\/pages"}],"about":[{"href":"https:\/\/charo.gob.mx\/index.php\/wp-json\/wp\/v2\/types\/page"}],"author":[{"embeddable":true,"href":"https:\/\/charo.gob.mx\/index.php\/wp-json\/wp\/v2\/users\/1"}],"replies":[{"embeddable":true,"href":"https:\/\/charo.gob.mx\/index.php\/wp-json\/wp\/v2\/comments?post=2302"}],"version-history":[{"count":25,"href":"https:\/\/charo.gob.mx\/index.php\/wp-json\/wp\/v2\/pages\/2302\/revisions"}],"predecessor-version":[{"id":2366,"href":"https:\/\/charo.gob.mx\/index.php\/wp-json\/wp\/v2\/pages\/2302\/revisions\/2366"}],"wp:attachment":[{"href":"https:\/\/charo.gob.mx\/index.php\/wp-json\/wp\/v2\/media?parent=2302"}],"curies":[{"name":"wp","href":"https:\/\/api.w.org\/{rel}","templated":true}]}}