{"id":2848,"date":"2024-12-19T21:47:19","date_gmt":"2024-12-19T21:47:19","guid":{"rendered":"https:\/\/charo.gob.mx\/?page_id=2848"},"modified":"2024-12-19T21:48:47","modified_gmt":"2024-12-19T21:48:47","slug":"acciones-de-gobierno","status":"publish","type":"page","link":"https:\/\/charo.gob.mx\/index.php\/acciones-de-gobierno\/","title":{"rendered":"Acciones de Gobierno"},"content":{"rendered":"<div class=\"fusion-fullwidth fullwidth-box fusion-builder-row-1 fusion-flex-container has-pattern-background has-mask-background nonhundred-percent-fullwidth non-hundred-percent-height-scrolling\" style=\"--awb-border-radius-top-left:0px;--awb-border-radius-top-right:0px;--awb-border-radius-bottom-right:0px;--awb-border-radius-bottom-left:0px;--awb-flex-wrap:wrap;\" ><div class=\"fusion-builder-row fusion-row fusion-flex-align-items-flex-start fusion-flex-content-wrap\" style=\"max-width:1248px;margin-left: calc(-4% \/ 2 );margin-right: calc(-4% \/ 2 );\"><div class=\"fusion-layout-column fusion_builder_column fusion-builder-column-0 fusion_builder_column_1_1 1_1 fusion-flex-column\" style=\"--awb-bg-size:cover;--awb-width-large:100%;--awb-margin-top-large:0px;--awb-spacing-right-large:1.92%;--awb-margin-bottom-large:20px;--awb-spacing-left-large:1.92%;--awb-width-medium:100%;--awb-order-medium:0;--awb-spacing-right-medium:1.92%;--awb-spacing-left-medium:1.92%;--awb-width-small:100%;--awb-order-small:0;--awb-spacing-right-small:1.92%;--awb-spacing-left-small:1.92%;\"><div class=\"fusion-column-wrapper fusion-column-has-shadow fusion-flex-justify-content-flex-start fusion-content-layout-column\"><div class=\"fusion-separator fusion-full-width-sep\" style=\"align-self: center;margin-left: auto;margin-right: auto;margin-top:150px;width:100%;\"><\/div><\/div><\/div><div class=\"fusion-layout-column fusion_builder_column fusion-builder-column-1 fusion_builder_column_1_2 1_2 fusion-flex-column\" style=\"--awb-bg-size:cover;--awb-width-large:50%;--awb-margin-top-large:0px;--awb-spacing-right-large:3.84%;--awb-margin-bottom-large:20px;--awb-spacing-left-large:3.84%;--awb-width-medium:50%;--awb-order-medium:0;--awb-spacing-right-medium:3.84%;--awb-spacing-left-medium:3.84%;--awb-width-small:100%;--awb-order-small:0;--awb-spacing-right-small:1.92%;--awb-spacing-left-small:1.92%;\"><div class=\"fusion-column-wrapper fusion-column-has-shadow fusion-flex-justify-content-flex-start fusion-content-layout-column\"><div class=\"fusion-text fusion-text-1\" style=\"--awb-content-alignment:justify;\"><h2>OBRA DE PAVIMENTACI\u00d3N CON CONCRETO HIDR\u00c1ULICO EN LA LOCALIDAD DE SAN FELIPE, CHARO, MICHOAC\u00c1N<\/h2>\n<p class=\"s4\">Obra de pavimentaci\u00f3n a base de concreto hidr\u00e1ulico de la calle acceso de la primaria Mahatma Gandhi del cadenamiento km.7+420 al 7+445, de la localidad de San Felipe del municipio de Charo Michoac\u00e1n.<\/p>\n<p class=\"s4\">Esta obra se encuentra concluida y \u00a0fue realizada derivado del programa de recursos destinados a acciones de pavimentaci\u00f3n en los municipios que correspondan, mediante el aprovechamiento de recursos que se generan con montos de la regularizaci\u00f3n de veh\u00edculos usados de procedencia extranjera, de ejercicio fiscal 2023.<\/p>\n<\/div><\/div><\/div><div class=\"fusion-layout-column fusion_builder_column fusion-builder-column-2 fusion_builder_column_1_2 1_2 fusion-flex-column\" style=\"--awb-bg-size:cover;--awb-width-large:50%;--awb-margin-top-large:0px;--awb-spacing-right-large:3.84%;--awb-margin-bottom-large:20px;--awb-spacing-left-large:3.84%;--awb-width-medium:50%;--awb-order-medium:0;--awb-spacing-right-medium:3.84%;--awb-spacing-left-medium:3.84%;--awb-width-small:100%;--awb-order-small:0;--awb-spacing-right-small:1.92%;--awb-spacing-left-small:1.92%;\"><div class=\"fusion-column-wrapper fusion-column-has-shadow fusion-flex-justify-content-flex-start fusion-content-layout-column\"><div class=\"fusion-image-element \" style=\"text-align:center;--awb-bottom-shadow-color:var(--awb-color7);--awb-caption-title-font-family:var(--h2_typography-font-family);--awb-caption-title-font-weight:var(--h2_typography-font-weight);--awb-caption-title-font-style:var(--h2_typography-font-style);--awb-caption-title-size:var(--h2_typography-font-size);--awb-caption-title-transform:var(--h2_typography-text-transform);--awb-caption-title-line-height:var(--h2_typography-line-height);--awb-caption-title-letter-spacing:var(--h2_typography-letter-spacing);\"><div class=\"awb-image-frame awb-image-frame-1 imageframe-liftup awb-bottomshadow\"><span class=\" fusion-imageframe imageframe-bottomshadow imageframe-1\"><img decoding=\"async\" width=\"1200\" height=\"1200\" title=\"WhatsApp Image 2024-12-19 at 15.36.21\" src=\"http:\/\/charo.gob.mx\/wp-content\/uploads\/2024\/12\/WhatsApp-Image-2024-12-19-at-15.36.21.jpeg\" alt class=\"img-responsive wp-image-2852\" srcset=\"https:\/\/charo.gob.mx\/wp-content\/uploads\/2024\/12\/WhatsApp-Image-2024-12-19-at-15.36.21-200x200.jpeg 200w, https:\/\/charo.gob.mx\/wp-content\/uploads\/2024\/12\/WhatsApp-Image-2024-12-19-at-15.36.21-400x400.jpeg 400w, https:\/\/charo.gob.mx\/wp-content\/uploads\/2024\/12\/WhatsApp-Image-2024-12-19-at-15.36.21-600x600.jpeg 600w, https:\/\/charo.gob.mx\/wp-content\/uploads\/2024\/12\/WhatsApp-Image-2024-12-19-at-15.36.21-800x800.jpeg 800w, https:\/\/charo.gob.mx\/wp-content\/uploads\/2024\/12\/WhatsApp-Image-2024-12-19-at-15.36.21.jpeg 1200w\" sizes=\"(max-width: 640px) 100vw, 600px\" \/><\/span><svg xmlns=\"http:\/\/www.w3.org\/2000\/svg\" version=\"1.1\" width=\"100%\" viewBox=\"0 0 600 28\" preserveAspectRatio=\"none\"><g clip-path=\"url(#a)\"><mask id=\"b\" style=\"mask-type:luminance\" maskUnits=\"userSpaceOnUse\" x=\"0\" y=\"0\" width=\"600\" height=\"28\"><path d=\"M0 0h600v28H0V0Z\" fill=\"#fff\"\/><\/mask><g filter=\"url(#c)\" mask=\"url(#b)\"><path d=\"M16.439-18.667h567.123v30.8S438.961-8.4 300-8.4C161.04-8.4 16.438 12.133 16.438 12.133v-30.8Z\" fill=\"#000\"\/><\/g><\/g><defs><clipPath id=\"a\"><path fill=\"#fff\" d=\"M0 0h600v28H0z\"\/><\/clipPath><filter id=\"c\" x=\"5.438\" y=\"-29.667\" width=\"589.123\" height=\"52.8\" filterUnits=\"userSpaceOnUse\" color-interpolation-filters=\"sRGB\"><feFlood flood-opacity=\"0\" result=\"BackgroundImageFix\"\/><feBlend in=\"SourceGraphic\" in2=\"BackgroundImageFix\" result=\"shape\"\/><feGaussianBlur stdDeviation=\"5.5\" result=\"effect1_foregroundBlur_3983_183\"\/><\/filter><\/defs><\/svg><\/div><\/div><\/div><\/div><div class=\"fusion-layout-column fusion_builder_column fusion-builder-column-3 fusion_builder_column_1_2 1_2 fusion-flex-column\" style=\"--awb-bg-size:cover;--awb-width-large:50%;--awb-margin-top-large:0px;--awb-spacing-right-large:3.84%;--awb-margin-bottom-large:20px;--awb-spacing-left-large:3.84%;--awb-width-medium:50%;--awb-order-medium:0;--awb-spacing-right-medium:3.84%;--awb-spacing-left-medium:3.84%;--awb-width-small:100%;--awb-order-small:0;--awb-spacing-right-small:1.92%;--awb-spacing-left-small:1.92%;\"><div class=\"fusion-column-wrapper fusion-column-has-shadow fusion-flex-justify-content-flex-start fusion-content-layout-column\"><div class=\"fusion-image-element \" style=\"text-align:center;--awb-bottom-shadow-color:var(--awb-color7);--awb-caption-title-font-family:var(--h2_typography-font-family);--awb-caption-title-font-weight:var(--h2_typography-font-weight);--awb-caption-title-font-style:var(--h2_typography-font-style);--awb-caption-title-size:var(--h2_typography-font-size);--awb-caption-title-transform:var(--h2_typography-text-transform);--awb-caption-title-line-height:var(--h2_typography-line-height);--awb-caption-title-letter-spacing:var(--h2_typography-letter-spacing);\"><div class=\"awb-image-frame awb-image-frame-2 imageframe-liftup awb-bottomshadow\"><span class=\" fusion-imageframe imageframe-bottomshadow imageframe-2\"><img decoding=\"async\" width=\"1200\" height=\"1200\" title=\"WhatsApp Image 2024-12-19 at 15.36.21 (1)\" src=\"http:\/\/charo.gob.mx\/wp-content\/uploads\/2024\/12\/WhatsApp-Image-2024-12-19-at-15.36.21-1.jpeg\" alt class=\"img-responsive wp-image-2851\" srcset=\"https:\/\/charo.gob.mx\/wp-content\/uploads\/2024\/12\/WhatsApp-Image-2024-12-19-at-15.36.21-1-200x200.jpeg 200w, https:\/\/charo.gob.mx\/wp-content\/uploads\/2024\/12\/WhatsApp-Image-2024-12-19-at-15.36.21-1-400x400.jpeg 400w, https:\/\/charo.gob.mx\/wp-content\/uploads\/2024\/12\/WhatsApp-Image-2024-12-19-at-15.36.21-1-600x600.jpeg 600w, https:\/\/charo.gob.mx\/wp-content\/uploads\/2024\/12\/WhatsApp-Image-2024-12-19-at-15.36.21-1-800x800.jpeg 800w, https:\/\/charo.gob.mx\/wp-content\/uploads\/2024\/12\/WhatsApp-Image-2024-12-19-at-15.36.21-1.jpeg 1200w\" sizes=\"(max-width: 640px) 100vw, 600px\" \/><\/span><svg xmlns=\"http:\/\/www.w3.org\/2000\/svg\" version=\"1.1\" width=\"100%\" viewBox=\"0 0 600 28\" preserveAspectRatio=\"none\"><g clip-path=\"url(#a)\"><mask id=\"b\" style=\"mask-type:luminance\" maskUnits=\"userSpaceOnUse\" x=\"0\" y=\"0\" width=\"600\" height=\"28\"><path d=\"M0 0h600v28H0V0Z\" fill=\"#fff\"\/><\/mask><g filter=\"url(#c)\" mask=\"url(#b)\"><path d=\"M16.439-18.667h567.123v30.8S438.961-8.4 300-8.4C161.04-8.4 16.438 12.133 16.438 12.133v-30.8Z\" fill=\"#000\"\/><\/g><\/g><defs><clipPath id=\"a\"><path fill=\"#fff\" d=\"M0 0h600v28H0z\"\/><\/clipPath><filter id=\"c\" x=\"5.438\" y=\"-29.667\" width=\"589.123\" height=\"52.8\" filterUnits=\"userSpaceOnUse\" color-interpolation-filters=\"sRGB\"><feFlood flood-opacity=\"0\" result=\"BackgroundImageFix\"\/><feBlend in=\"SourceGraphic\" in2=\"BackgroundImageFix\" result=\"shape\"\/><feGaussianBlur stdDeviation=\"5.5\" result=\"effect1_foregroundBlur_3983_183\"\/><\/filter><\/defs><\/svg><\/div><\/div><\/div><\/div><div class=\"fusion-layout-column fusion_builder_column fusion-builder-column-4 fusion_builder_column_1_2 1_2 fusion-flex-column\" style=\"--awb-bg-size:cover;--awb-width-large:50%;--awb-margin-top-large:0px;--awb-spacing-right-large:3.84%;--awb-margin-bottom-large:20px;--awb-spacing-left-large:3.84%;--awb-width-medium:50%;--awb-order-medium:0;--awb-spacing-right-medium:3.84%;--awb-spacing-left-medium:3.84%;--awb-width-small:100%;--awb-order-small:0;--awb-spacing-right-small:1.92%;--awb-spacing-left-small:1.92%;\"><div class=\"fusion-column-wrapper fusion-column-has-shadow fusion-flex-justify-content-flex-start fusion-content-layout-column\"><div class=\"fusion-image-element \" style=\"text-align:center;--awb-bottom-shadow-color:var(--awb-color7);--awb-caption-title-font-family:var(--h2_typography-font-family);--awb-caption-title-font-weight:var(--h2_typography-font-weight);--awb-caption-title-font-style:var(--h2_typography-font-style);--awb-caption-title-size:var(--h2_typography-font-size);--awb-caption-title-transform:var(--h2_typography-text-transform);--awb-caption-title-line-height:var(--h2_typography-line-height);--awb-caption-title-letter-spacing:var(--h2_typography-letter-spacing);\"><div class=\"awb-image-frame awb-image-frame-3 imageframe-liftup awb-bottomshadow\"><span class=\" fusion-imageframe imageframe-bottomshadow imageframe-3\"><img decoding=\"async\" width=\"1200\" height=\"1200\" title=\"WhatsApp Image 2024-12-19 at 15.36.21 (2)\" src=\"http:\/\/charo.gob.mx\/wp-content\/uploads\/2024\/12\/WhatsApp-Image-2024-12-19-at-15.36.21-2.jpeg\" alt class=\"img-responsive wp-image-2850\" srcset=\"https:\/\/charo.gob.mx\/wp-content\/uploads\/2024\/12\/WhatsApp-Image-2024-12-19-at-15.36.21-2-200x200.jpeg 200w, https:\/\/charo.gob.mx\/wp-content\/uploads\/2024\/12\/WhatsApp-Image-2024-12-19-at-15.36.21-2-400x400.jpeg 400w, https:\/\/charo.gob.mx\/wp-content\/uploads\/2024\/12\/WhatsApp-Image-2024-12-19-at-15.36.21-2-600x600.jpeg 600w, https:\/\/charo.gob.mx\/wp-content\/uploads\/2024\/12\/WhatsApp-Image-2024-12-19-at-15.36.21-2-800x800.jpeg 800w, https:\/\/charo.gob.mx\/wp-content\/uploads\/2024\/12\/WhatsApp-Image-2024-12-19-at-15.36.21-2.jpeg 1200w\" sizes=\"(max-width: 640px) 100vw, 600px\" \/><\/span><svg xmlns=\"http:\/\/www.w3.org\/2000\/svg\" version=\"1.1\" width=\"100%\" viewBox=\"0 0 600 28\" preserveAspectRatio=\"none\"><g clip-path=\"url(#a)\"><mask id=\"b\" style=\"mask-type:luminance\" maskUnits=\"userSpaceOnUse\" x=\"0\" y=\"0\" width=\"600\" height=\"28\"><path d=\"M0 0h600v28H0V0Z\" fill=\"#fff\"\/><\/mask><g filter=\"url(#c)\" mask=\"url(#b)\"><path d=\"M16.439-18.667h567.123v30.8S438.961-8.4 300-8.4C161.04-8.4 16.438 12.133 16.438 12.133v-30.8Z\" fill=\"#000\"\/><\/g><\/g><defs><clipPath id=\"a\"><path fill=\"#fff\" d=\"M0 0h600v28H0z\"\/><\/clipPath><filter id=\"c\" x=\"5.438\" y=\"-29.667\" width=\"589.123\" height=\"52.8\" filterUnits=\"userSpaceOnUse\" color-interpolation-filters=\"sRGB\"><feFlood flood-opacity=\"0\" result=\"BackgroundImageFix\"\/><feBlend in=\"SourceGraphic\" in2=\"BackgroundImageFix\" result=\"shape\"\/><feGaussianBlur stdDeviation=\"5.5\" result=\"effect1_foregroundBlur_3983_183\"\/><\/filter><\/defs><\/svg><\/div><\/div><\/div><\/div><div class=\"fusion-layout-column fusion_builder_column fusion-builder-column-5 fusion_builder_column_1_2 1_2 fusion-flex-column\" style=\"--awb-bg-size:cover;--awb-width-large:50%;--awb-margin-top-large:0px;--awb-spacing-right-large:3.84%;--awb-margin-bottom-large:20px;--awb-spacing-left-large:3.84%;--awb-width-medium:50%;--awb-order-medium:0;--awb-spacing-right-medium:3.84%;--awb-spacing-left-medium:3.84%;--awb-width-small:100%;--awb-order-small:0;--awb-spacing-right-small:1.92%;--awb-spacing-left-small:1.92%;\"><div class=\"fusion-column-wrapper fusion-column-has-shadow fusion-flex-justify-content-flex-start fusion-content-layout-column\"><div class=\"fusion-image-element \" style=\"text-align:center;--awb-bottom-shadow-color:var(--awb-color7);--awb-caption-title-font-family:var(--h2_typography-font-family);--awb-caption-title-font-weight:var(--h2_typography-font-weight);--awb-caption-title-font-style:var(--h2_typography-font-style);--awb-caption-title-size:var(--h2_typography-font-size);--awb-caption-title-transform:var(--h2_typography-text-transform);--awb-caption-title-line-height:var(--h2_typography-line-height);--awb-caption-title-letter-spacing:var(--h2_typography-letter-spacing);\"><div class=\"awb-image-frame awb-image-frame-4 imageframe-liftup awb-bottomshadow\"><span class=\" fusion-imageframe imageframe-bottomshadow imageframe-4\"><img decoding=\"async\" width=\"1200\" height=\"1200\" title=\"WhatsApp Image 2024-12-19 at 15.36.22\" src=\"http:\/\/charo.gob.mx\/wp-content\/uploads\/2024\/12\/WhatsApp-Image-2024-12-19-at-15.36.22.jpeg\" alt class=\"img-responsive wp-image-2849\" srcset=\"https:\/\/charo.gob.mx\/wp-content\/uploads\/2024\/12\/WhatsApp-Image-2024-12-19-at-15.36.22-200x200.jpeg 200w, https:\/\/charo.gob.mx\/wp-content\/uploads\/2024\/12\/WhatsApp-Image-2024-12-19-at-15.36.22-400x400.jpeg 400w, https:\/\/charo.gob.mx\/wp-content\/uploads\/2024\/12\/WhatsApp-Image-2024-12-19-at-15.36.22-600x600.jpeg 600w, https:\/\/charo.gob.mx\/wp-content\/uploads\/2024\/12\/WhatsApp-Image-2024-12-19-at-15.36.22-800x800.jpeg 800w, https:\/\/charo.gob.mx\/wp-content\/uploads\/2024\/12\/WhatsApp-Image-2024-12-19-at-15.36.22.jpeg 1200w\" sizes=\"(max-width: 640px) 100vw, 600px\" \/><\/span><svg xmlns=\"http:\/\/www.w3.org\/2000\/svg\" version=\"1.1\" width=\"100%\" viewBox=\"0 0 600 28\" preserveAspectRatio=\"none\"><g clip-path=\"url(#a)\"><mask id=\"b\" style=\"mask-type:luminance\" maskUnits=\"userSpaceOnUse\" x=\"0\" y=\"0\" width=\"600\" height=\"28\"><path d=\"M0 0h600v28H0V0Z\" fill=\"#fff\"\/><\/mask><g filter=\"url(#c)\" mask=\"url(#b)\"><path d=\"M16.439-18.667h567.123v30.8S438.961-8.4 300-8.4C161.04-8.4 16.438 12.133 16.438 12.133v-30.8Z\" fill=\"#000\"\/><\/g><\/g><defs><clipPath id=\"a\"><path fill=\"#fff\" d=\"M0 0h600v28H0z\"\/><\/clipPath><filter id=\"c\" x=\"5.438\" y=\"-29.667\" width=\"589.123\" height=\"52.8\" filterUnits=\"userSpaceOnUse\" color-interpolation-filters=\"sRGB\"><feFlood flood-opacity=\"0\" result=\"BackgroundImageFix\"\/><feBlend in=\"SourceGraphic\" in2=\"BackgroundImageFix\" result=\"shape\"\/><feGaussianBlur stdDeviation=\"5.5\" result=\"effect1_foregroundBlur_3983_183\"\/><\/filter><\/defs><\/svg><\/div><\/div><\/div><\/div><div class=\"fusion-layout-column fusion_builder_column fusion-builder-column-6 fusion_builder_column_1_2 1_2 fusion-flex-column\" style=\"--awb-bg-size:cover;--awb-width-large:50%;--awb-margin-top-large:0px;--awb-spacing-right-large:3.84%;--awb-margin-bottom-large:20px;--awb-spacing-left-large:3.84%;--awb-width-medium:50%;--awb-order-medium:0;--awb-spacing-right-medium:3.84%;--awb-spacing-left-medium:3.84%;--awb-width-small:100%;--awb-order-small:0;--awb-spacing-right-small:1.92%;--awb-spacing-left-small:1.92%;\"><div class=\"fusion-column-wrapper fusion-column-has-shadow fusion-flex-justify-content-flex-start fusion-content-layout-column\"><div class=\"fusion-image-element \" style=\"text-align:center;--awb-bottom-shadow-color:var(--awb-color7);--awb-caption-title-font-family:var(--h2_typography-font-family);--awb-caption-title-font-weight:var(--h2_typography-font-weight);--awb-caption-title-font-style:var(--h2_typography-font-style);--awb-caption-title-size:var(--h2_typography-font-size);--awb-caption-title-transform:var(--h2_typography-text-transform);--awb-caption-title-line-height:var(--h2_typography-line-height);--awb-caption-title-letter-spacing:var(--h2_typography-letter-spacing);\"><div class=\"awb-image-frame awb-image-frame-5 imageframe-liftup awb-bottomshadow\"><span class=\" fusion-imageframe imageframe-bottomshadow imageframe-5\"><img decoding=\"async\" width=\"512\" height=\"512\" title=\"cropped-Logo-Gobierno-Blanco.png\" src=\"http:\/\/charo.gob.mx\/wp-content\/uploads\/2024\/09\/cropped-Logo-Gobierno-Blanco.png\" alt class=\"img-responsive wp-image-2837\" srcset=\"https:\/\/charo.gob.mx\/wp-content\/uploads\/2024\/09\/cropped-Logo-Gobierno-Blanco-200x200.png 200w, https:\/\/charo.gob.mx\/wp-content\/uploads\/2024\/09\/cropped-Logo-Gobierno-Blanco-400x400.png 400w, https:\/\/charo.gob.mx\/wp-content\/uploads\/2024\/09\/cropped-Logo-Gobierno-Blanco.png 512w\" sizes=\"(max-width: 640px) 100vw, 512px\" \/><\/span><svg xmlns=\"http:\/\/www.w3.org\/2000\/svg\" version=\"1.1\" width=\"100%\" viewBox=\"0 0 600 28\" preserveAspectRatio=\"none\"><g clip-path=\"url(#a)\"><mask id=\"b\" style=\"mask-type:luminance\" maskUnits=\"userSpaceOnUse\" x=\"0\" y=\"0\" width=\"600\" height=\"28\"><path d=\"M0 0h600v28H0V0Z\" fill=\"#fff\"\/><\/mask><g filter=\"url(#c)\" mask=\"url(#b)\"><path d=\"M16.439-18.667h567.123v30.8S438.961-8.4 300-8.4C161.04-8.4 16.438 12.133 16.438 12.133v-30.8Z\" fill=\"#000\"\/><\/g><\/g><defs><clipPath id=\"a\"><path fill=\"#fff\" d=\"M0 0h600v28H0z\"\/><\/clipPath><filter id=\"c\" x=\"5.438\" y=\"-29.667\" width=\"589.123\" height=\"52.8\" filterUnits=\"userSpaceOnUse\" color-interpolation-filters=\"sRGB\"><feFlood flood-opacity=\"0\" result=\"BackgroundImageFix\"\/><feBlend in=\"SourceGraphic\" in2=\"BackgroundImageFix\" result=\"shape\"\/><feGaussianBlur stdDeviation=\"5.5\" result=\"effect1_foregroundBlur_3983_183\"\/><\/filter><\/defs><\/svg><\/div><\/div><\/div><\/div><\/div><\/div>\n","protected":false},"excerpt":{"rendered":"","protected":false},"author":1,"featured_media":0,"parent":0,"menu_order":0,"comment_status":"closed","ping_status":"closed","template":"","meta":{"footnotes":""},"class_list":["post-2848","page","type-page","status-publish","hentry"],"_links":{"self":[{"href":"https:\/\/charo.gob.mx\/index.php\/wp-json\/wp\/v2\/pages\/2848","targetHints":{"allow":["GET"]}}],"collection":[{"href":"https:\/\/charo.gob.mx\/index.php\/wp-json\/wp\/v2\/pages"}],"about":[{"href":"https:\/\/charo.gob.mx\/index.php\/wp-json\/wp\/v2\/types\/page"}],"author":[{"embeddable":true,"href":"https:\/\/charo.gob.mx\/index.php\/wp-json\/wp\/v2\/users\/1"}],"replies":[{"embeddable":true,"href":"https:\/\/charo.gob.mx\/index.php\/wp-json\/wp\/v2\/comments?post=2848"}],"version-history":[{"count":4,"href":"https:\/\/charo.gob.mx\/index.php\/wp-json\/wp\/v2\/pages\/2848\/revisions"}],"predecessor-version":[{"id":2856,"href":"https:\/\/charo.gob.mx\/index.php\/wp-json\/wp\/v2\/pages\/2848\/revisions\/2856"}],"wp:attachment":[{"href":"https:\/\/charo.gob.mx\/index.php\/wp-json\/wp\/v2\/media?parent=2848"}],"curies":[{"name":"wp","href":"https:\/\/api.w.org\/{rel}","templated":true}]}}